{"id":383,"date":"2024-12-06T18:41:48","date_gmt":"2024-12-06T18:41:48","guid":{"rendered":"https:\/\/beautetechnologie.ca\/contact\/"},"modified":"2025-04-10T16:01:57","modified_gmt":"2025-04-10T16:01:57","slug":"contact","status":"publish","type":"page","link":"https:\/\/beautetechnologie.ca\/en\/contact\/","title":{"rendered":"Contact"},"content":{"rendered":"\n\n\t\t\t\t<img decoding=\"async\" src=\"https:\/\/beautetechnologie.ca\/wp-content\/uploads\/2024\/12\/logo-2024-beaute-technologie.png\" alt=\"logo-2024-beaute-technologie\" title=\"logo-2024-beaute-technologie\" itemprop=\"image\"\/>\n\t\t<h3>By appointment only<\/h3>\t\t\t\n\t\t\t\t<p>Located inside the Domaine Spa<br \/>83, Mont\u00e9e Calixa-Lavall\u00e9e<br \/>Verch\u00e8re, QC J0L 2R0<\/p>\n<h2>\n\t\t<a href=\"tel:+15145700737\" title=\"P. 514 570-0737\"  target=\"_self\">\n\t\tP. 514 570-0737\n\t\t<\/a>\n\t<\/h2>\n\t\t\t<h4>Opening Hours<\/h4>\t\t\t\n\t\t\t\t<p>Tuesday, Wednesday and Thursday from 10:00 AM to 9:00 PM<\/p>\n\t\t\t<h4>Accepted Payment Methods<\/h4>\t\t\t\n\t\t\t\t<p>Cash, Interac\u00ae, Visa\u00ae and Mastercard\u00ae<\/p>\n\t\t\t<h3>Questions | Comments<\/h3>\t\t\t\n\t\t\t\t<p>Write to us via our online form and we will be pleased to respond to you as soon as possible. For any comments, we encourage you to write them on our social media pages.<\/p>\n\t<iframe src=\"https:\/\/www.google.com\/maps\/embed\/v1\/place?q=Domaine+Spa%0A83%2C+Mont%C3%A9e+Calixa-Lavall%C3%A9e%0AVerch%C3%A8re%2C+QC+J0L+2R0&#038;key=AIzaSyD09zQ9PNDNNy9TadMuzRV_UsPUoWKntt8\" aria-hidden=\"true\" title=\"Beaut\u00e9 Technologie\"><\/iframe>\n\n","protected":false},"excerpt":{"rendered":"<p>By appointment only Located inside the Domaine Spa83, Mont\u00e9e Calixa-Lavall\u00e9eVerch\u00e8re, QC J0L 2R0 P. 514 570-0737 Opening Hours Tuesday, Wednesday [&hellip;]<\/p>\n","protected":false},"author":1,"featured_media":0,"parent":0,"menu_order":0,"comment_status":"closed","ping_status":"closed","template":"","meta":{"site-sidebar-layout":"default","site-content-layout":"","ast-site-content-layout":"full-width-container","site-content-style":"default","site-sidebar-style":"default","ast-global-header-display":"","ast-banner-title-visibility":"","ast-main-header-display":"","ast-hfb-above-header-display":"","ast-hfb-below-header-display":"","ast-hfb-mobile-header-display":"","site-post-title":"disabled","ast-breadcrumbs-content":"","ast-featured-img":"","footer-sml-layout":"","theme-transparent-header-meta":"","adv-header-id-meta":"","stick-header-meta":"","header-above-stick-meta":"","header-main-stick-meta":"","header-below-stick-meta":"","astra-migrate-meta-layouts":"default","ast-page-background-enabled":"default","ast-page-background-meta":{"desktop":{"background-color":"var(--ast-global-color-4)","background-image":"","background-repeat":"repeat","background-position":"center center","background-size":"auto","background-attachment":"scroll","background-type":"","background-media":"","overlay-type":"","overlay-color":"","overlay-opacity":"","overlay-gradient":""},"tablet":{"background-color":"","background-image":"","background-repeat":"repeat","background-position":"center center","background-size":"auto","background-attachment":"scroll","background-type":"","background-media":"","overlay-type":"","overlay-color":"","overlay-opacity":"","overlay-gradient":""},"mobile":{"background-color":"","background-image":"","background-repeat":"repeat","background-position":"center center","background-size":"auto","background-attachment":"scroll","background-type":"","background-media":"","overlay-type":"","overlay-color":"","overlay-opacity":"","overlay-gradient":""}},"ast-content-background-meta":{"desktop":{"background-color":"var(--ast-global-color-5)","background-image":"","background-repeat":"repeat","background-position":"center center","background-size":"auto","background-attachment":"scroll","background-type":"","background-media":"","overlay-type":"","overlay-color":"","overlay-opacity":"","overlay-gradient":""},"tablet":{"background-color":"var(--ast-global-color-5)","background-image":"","background-repeat":"repeat","background-position":"center center","background-size":"auto","background-attachment":"scroll","background-type":"","background-media":"","overlay-type":"","overlay-color":"","overlay-opacity":"","overlay-gradient":""},"mobile":{"background-color":"var(--ast-global-color-5)","background-image":"","background-repeat":"repeat","background-position":"center center","background-size":"auto","background-attachment":"scroll","background-type":"","background-media":"","overlay-type":"","overlay-color":"","overlay-opacity":"","overlay-gradient":""}},"footnotes":""},"class_list":["post-383","page","type-page","status-publish","hentry"],"_links":{"self":[{"href":"https:\/\/beautetechnologie.ca\/en\/wp-json\/wp\/v2\/pages\/383","targetHints":{"allow":["GET"]}}],"collection":[{"href":"https:\/\/beautetechnologie.ca\/en\/wp-json\/wp\/v2\/pages"}],"about":[{"href":"https:\/\/beautetechnologie.ca\/en\/wp-json\/wp\/v2\/types\/page"}],"author":[{"embeddable":true,"href":"https:\/\/beautetechnologie.ca\/en\/wp-json\/wp\/v2\/users\/1"}],"replies":[{"embeddable":true,"href":"https:\/\/beautetechnologie.ca\/en\/wp-json\/wp\/v2\/comments?post=383"}],"version-history":[{"count":2,"href":"https:\/\/beautetechnologie.ca\/en\/wp-json\/wp\/v2\/pages\/383\/revisions"}],"predecessor-version":[{"id":451,"href":"https:\/\/beautetechnologie.ca\/en\/wp-json\/wp\/v2\/pages\/383\/revisions\/451"}],"wp:attachment":[{"href":"https:\/\/beautetechnologie.ca\/en\/wp-json\/wp\/v2\/media?parent=383"}],"curies":[{"name":"wp","href":"https:\/\/api.w.org\/{rel}","templated":true}]}}