{"id":385,"date":"2024-12-06T22:15:18","date_gmt":"2024-12-06T22:15:18","guid":{"rendered":"https:\/\/beautetechnologie.ca\/treatments-prices\/laser-hair-removal\/"},"modified":"2025-04-10T15:45:23","modified_gmt":"2025-04-10T15:45:23","slug":"laser-hair-removal","status":"publish","type":"page","link":"https:\/\/beautetechnologie.ca\/en\/treatments-prices\/laser-hair-removal\/","title":{"rendered":"Laser Hair Removal"},"content":{"rendered":"\n\n\t<h1>\n\t\t\t\tLaser Hair Removal\n\t\t\t<\/h1>\n\t\t\t<p>Fast, safe, effective, and practically painless hair removal is possible!<\/p>\t\n\t\t\t<h3>What Does LASER Mean<\/h3>\t\t\t\n\t\t\t\t<p>The word laser stands for: <em><strong>L<\/strong>ight <strong>A<\/strong>mplifier by <strong>S<\/strong>timulated <strong>E<\/strong>mission of <strong>R<\/strong>adiation<\/em> or in French, amplificateur de lumi\u00e8re par \u00e9mission stimul\u00e9e de rayonnement.<\/p>\n<p>It is a release of heat produced by a light source located in the infrared spectrum, such as the heat released by the sun. It does not involve UVA or UVB rays, which are responsible for skin damage, but only the warming part in the non-visible spectrum.<\/p>\n\t\t\t<h3>Laser and Hair Removal<\/h3>\t\t\t\n\t\t\t\t<p>Laser hair removal then consists of using this modulated light energy (selective wavelength) that produces heat to progressively alter the cells responsible for hair production.<\/p>\n<p>It typically takes about 8 to 12 sessions, at intervals of 4, 6, or 8 weeks to start. Towards the end, the interval between sessions can be extended or adjusted according to the speed of hair growth, taking into account the treated area and the individual.<\/p>\n\t\t\t\t<img decoding=\"async\" src=\"https:\/\/beautetechnologie.ca\/wp-content\/uploads\/bb-plugin\/cache\/image-diolaze-xl-appareil-beaute-technologie-circle.jpg\" alt=\"image-diolaze-xl-appareil-beaute-technologie\" title=\"image-diolaze-xl-appareil-beaute-technologie\" itemprop=\"image\"  \/>\n\t\t\t\t<img decoding=\"async\" src=\"https:\/\/beautetechnologie.ca\/wp-content\/uploads\/2024\/12\/logo-diolaze-xl-inmode-beaute-technologie.png\" alt=\"logo-diolaze-xl-inmode-beaute-technologie\" title=\"logo-diolaze-xl-inmode-beaute-technologie\" itemprop=\"image\"  \/>\n\t\t\t<h3>Beware of Promises<\/h3><h2>Opt for Better Results and the Right Device<\/h2>\t\t\t\n\t\t\t\t<p>Clients desiring quick results sometimes forget to worry about the consequences that certain photoepilation devices can cause. The choice of adequate equipment aims for effectiveness without damaging surrounding tissues. Know that it is essential to protect the skin surrounding the bulb, that is, the perifollicular collagen, otherwise a change in texture or even scarring may occur.<\/p>\n<p>Be wary of promises of guaranteed results in 4 to 6 sessions; it is quite possible that the hair will grow back after some time. Moreover, excessive pain is not necessarily a sign of good results. The wrong device or poor technique can lead to rapid discoloration of the hair without eliminating it.<\/p>\n\t<h2>\n\t\t\t\tFree Consultation\n\t\t\t<\/h2>\n\t\t\t<p><strong>The price of sessions varies depending on the area.<\/strong><br \/>Book yours now!<\/p>\t\n\t\t\t<a href=\"https:\/\/www.gorendezvous.com\/BeauteTechnologie\" title=\"Click Here\" target=\"_blank\" rel=\"noopener\"  role=\"button\" aria-label=\"Click Here!\">\n\t\t\t\t\t\t\tClick Here!\n\t\t<\/a>\n\t<h2>\n\t\t\t\tA Certified Technician + A Safe and Effective Device\n\t\t\t<\/h2>\n\t\t\t<p>As well as pigmented hair, these are what promote the success of laser hair removal.<\/p>\t\n\n","protected":false},"excerpt":{"rendered":"<p>Laser Hair Removal Fast, safe, effective, and practically painless hair removal is possible! What Does LASER Mean The word laser [&hellip;]<\/p>\n","protected":false},"author":1,"featured_media":0,"parent":384,"menu_order":0,"comment_status":"closed","ping_status":"closed","template":"","meta":{"site-sidebar-layout":"default","site-content-layout":"","ast-site-content-layout":"full-width-container","site-content-style":"default","site-sidebar-style":"default","ast-global-header-display":"","ast-banner-title-visibility":"","ast-main-header-display":"","ast-hfb-above-header-display":"","ast-hfb-below-header-display":"","ast-hfb-mobile-header-display":"","site-post-title":"disabled","ast-breadcrumbs-content":"","ast-featured-img":"","footer-sml-layout":"","theme-transparent-header-meta":"","adv-header-id-meta":"","stick-header-meta":"","header-above-stick-meta":"","header-main-stick-meta":"","header-below-stick-meta":"","astra-migrate-meta-layouts":"default","ast-page-background-enabled":"default","ast-page-background-meta":{"desktop":{"background-color":"var(--ast-global-color-4)","background-image":"","background-repeat":"repeat","background-position":"center center","background-size":"auto","background-attachment":"scroll","background-type":"","background-media":"","overlay-type":"","overlay-color":"","overlay-opacity":"","overlay-gradient":""},"tablet":{"background-color":"","background-image":"","background-repeat":"repeat","background-position":"center center","background-size":"auto","background-attachment":"scroll","background-type":"","background-media":"","overlay-type":"","overlay-color":"","overlay-opacity":"","overlay-gradient":""},"mobile":{"background-color":"","background-image":"","background-repeat":"repeat","background-position":"center center","background-size":"auto","background-attachment":"scroll","background-type":"","background-media":"","overlay-type":"","overlay-color":"","overlay-opacity":"","overlay-gradient":""}},"ast-content-background-meta":{"desktop":{"background-color":"var(--ast-global-color-5)","background-image":"","background-repeat":"repeat","background-position":"center center","background-size":"auto","background-attachment":"scroll","background-type":"","background-media":"","overlay-type":"","overlay-color":"","overlay-opacity":"","overlay-gradient":""},"tablet":{"background-color":"var(--ast-global-color-5)","background-image":"","background-repeat":"repeat","background-position":"center center","background-size":"auto","background-attachment":"scroll","background-type":"","background-media":"","overlay-type":"","overlay-color":"","overlay-opacity":"","overlay-gradient":""},"mobile":{"background-color":"var(--ast-global-color-5)","background-image":"","background-repeat":"repeat","background-position":"center center","background-size":"auto","background-attachment":"scroll","background-type":"","background-media":"","overlay-type":"","overlay-color":"","overlay-opacity":"","overlay-gradient":""}},"footnotes":""},"class_list":["post-385","page","type-page","status-publish","hentry"],"_links":{"self":[{"href":"https:\/\/beautetechnologie.ca\/en\/wp-json\/wp\/v2\/pages\/385","targetHints":{"allow":["GET"]}}],"collection":[{"href":"https:\/\/beautetechnologie.ca\/en\/wp-json\/wp\/v2\/pages"}],"about":[{"href":"https:\/\/beautetechnologie.ca\/en\/wp-json\/wp\/v2\/types\/page"}],"author":[{"embeddable":true,"href":"https:\/\/beautetechnologie.ca\/en\/wp-json\/wp\/v2\/users\/1"}],"replies":[{"embeddable":true,"href":"https:\/\/beautetechnologie.ca\/en\/wp-json\/wp\/v2\/comments?post=385"}],"version-history":[{"count":1,"href":"https:\/\/beautetechnologie.ca\/en\/wp-json\/wp\/v2\/pages\/385\/revisions"}],"predecessor-version":[{"id":435,"href":"https:\/\/beautetechnologie.ca\/en\/wp-json\/wp\/v2\/pages\/385\/revisions\/435"}],"up":[{"embeddable":true,"href":"https:\/\/beautetechnologie.ca\/en\/wp-json\/wp\/v2\/pages\/384"}],"wp:attachment":[{"href":"https:\/\/beautetechnologie.ca\/en\/wp-json\/wp\/v2\/media?parent=385"}],"curies":[{"name":"wp","href":"https:\/\/api.w.org\/{rel}","templated":true}]}}